{"id":2,"date":"2018-02-19T11:26:04","date_gmt":"2018-02-19T10:26:04","guid":{"rendered":"http:\/\/wp.beesoft.sk\/?page_id=2"},"modified":"2022-12-15T08:22:41","modified_gmt":"2022-12-15T07:22:41","slug":"ukazka-strany","status":"publish","type":"page","link":"https:\/\/www.beesoft.sk\/","title":{"rendered":"O n\u00e1s"},"content":{"rendered":"<p>Spolo\u010dnos\u0165 BeeSoft s.r.o. bola zalo\u017een\u00e1 14.decembra 2006. Je pokra\u010dovate\u013eom v \u010dinnosti fyzickej osoby BeeSoft, ktor\u00e1 vznikla v roku 1992. Hlavnou \u010dinnos\u0165ou BeeSoft s.r.o. je anal\u00fdza a v\u00fdvoj \u0161peci\u00e1lnych programov\u00fdch aplik\u00e1ci\u00ed vytvoren\u00fdch z\u00e1kazn\u00edkovi na mieru. Ako subdod\u00e1vate\u013e spolupracujeme na viacer\u00fdch projektoch (anal\u00fdza, v\u00fdvoj, implement\u00e1cia). Od roku 2018 sa venujeme aj v\u00fdvoju v prostred\u00ed Unity.<\/p>\n<p>Okrem v\u00fdvoja sa venujeme aj poskytovaniu podporn\u00fdch slu\u017eieb v oblasti IT (spr\u00e1va prostriedkov IT, poradenstvo). Pri v\u0161etk\u00fdch \u010dinnostiach sa sna\u017e\u00edme o to aby sme naplnili n\u00e1\u0161e motto \u201eDokonal\u00e1 komunik\u00e1cia \u2013 Dokonal\u00fd produkt\u201c v prenesenom v\u00fdzname aj doslovne.<\/p>\n<p>Budeme radi, pokia\u013e V\u00e1m budeme m\u00f4c\u0165 na\u0161imi slu\u017ebami pom\u00f4c\u0165.<\/p>\n","protected":false},"excerpt":{"rendered":"<p>Spolo\u010dnos\u0165 BeeSoft s.r.o. bola zalo\u017een\u00e1 14.decembra 2006. Je pokra\u010dovate\u013eom v \u010dinnosti fyzickej osoby BeeSoft, ktor\u00e1 vznikla v roku 1992. Hlavnou \u010dinnos\u0165ou BeeSoft s.r.o. je anal\u00fdza a v\u00fdvoj \u0161peci\u00e1lnych programov\u00fdch aplik\u00e1ci\u00ed vytvoren\u00fdch z\u00e1kazn\u00edkovi na mieru. Ako subdod\u00e1vate\u013e spolupracujeme na viacer\u00fdch projektoch (anal\u00fdza, v\u00fdvoj, implement\u00e1cia). Od roku 2018 sa venujeme aj v\u00fdvoju v prostred\u00ed Unity. Okrem v\u00fdvoja &hellip; <\/p>\n<p class=\"link-more\"><a href=\"https:\/\/www.beesoft.sk\/\" class=\"more-link\">Pokra\u010dova\u0165 v \u010d\u00edtan\u00ed<span class=\"screen-reader-text\"> &#8222;O n\u00e1s&#8220;<\/span><\/a><\/p>\n","protected":false},"author":1,"featured_media":0,"parent":0,"menu_order":0,"comment_status":"closed","ping_status":"closed","template":"template-fullwidth-no-title.php","meta":{"footnotes":""},"class_list":["post-2","page","type-page","status-publish","hentry"],"_links":{"self":[{"href":"https:\/\/www.beesoft.sk\/index.php?rest_route=\/wp\/v2\/pages\/2"}],"collection":[{"href":"https:\/\/www.beesoft.sk\/index.php?rest_route=\/wp\/v2\/pages"}],"about":[{"href":"https:\/\/www.beesoft.sk\/index.php?rest_route=\/wp\/v2\/types\/page"}],"author":[{"embeddable":true,"href":"https:\/\/www.beesoft.sk\/index.php?rest_route=\/wp\/v2\/users\/1"}],"replies":[{"embeddable":true,"href":"https:\/\/www.beesoft.sk\/index.php?rest_route=%2Fwp%2Fv2%2Fcomments&post=2"}],"version-history":[{"count":4,"href":"https:\/\/www.beesoft.sk\/index.php?rest_route=\/wp\/v2\/pages\/2\/revisions"}],"predecessor-version":[{"id":73,"href":"https:\/\/www.beesoft.sk\/index.php?rest_route=\/wp\/v2\/pages\/2\/revisions\/73"}],"wp:attachment":[{"href":"https:\/\/www.beesoft.sk\/index.php?rest_route=%2Fwp%2Fv2%2Fmedia&parent=2"}],"curies":[{"name":"wp","href":"https:\/\/api.w.org\/{rel}","templated":true}]}}